{"id":178,"date":"2017-06-27T12:25:48","date_gmt":"2017-06-27T10:25:48","guid":{"rendered":"http:\/\/www.lyc-rimbaud-garges.ac-versailles.fr\/?page_id=178"},"modified":"2020-11-26T12:29:24","modified_gmt":"2020-11-26T11:29:24","slug":"bac-pro-accueil-relation-clients-et-usagers-arcu","status":"publish","type":"page","link":"https:\/\/lyc-rimbaud-garges.ac-versailles.fr\/?page_id=178","title":{"rendered":"Bac pro M\u00e9tiers de l&rsquo;Accueil (ex bac pro Accueil &#8211; relation clients et usagers)"},"content":{"rendered":"<div id=\"debouche_professionnel\" class=\"ideo-block\">\n<div class=\"ideo-inner-width\">\n<h3 class=\"ideo-title-block\">\u00c0 savoir<\/h3>\n<div class=\"ezxmltext-field\">\n<p>Ce bac pro forme des charg\u00e9s de l&rsquo;accueil exer\u00e7ant dans toutes organisations susceptibles de recevoir des visiteurs, des clients, des usagers et du trafic t\u00e9l\u00e9phonique. Le titulaire de ce dipl\u00f4me exerce des fonctions de charg\u00e9 d&rsquo;accueil, de standardiste, de t\u00e9l\u00e9conseiller. Il peut \u00e9galement occuper des postes d&rsquo;agent multiservices d&rsquo;accueil dans les h\u00f4pitaux ou \u00eatre agent d&rsquo;accueil ou agent d&rsquo;escale dans les transports. Il ma\u00eetrise au moins une langue \u00e9trang\u00e8re, les outils t\u00e9l\u00e9phoniques \u00e9volu\u00e9s, les logiciels de bureautique ainsi que les logiciels sp\u00e9cifiques \u00e0 l&rsquo;accueil. Form\u00e9 aux techniques relationnelles, il traite les demandes en face-\u00e0-face ou par t\u00e9l\u00e9phone, \u00e9value la satisfaction de l&rsquo;interlocuteur, prend en charge les r\u00e9clamations. Il a \u00e9galement des comp\u00e9tences commerciales. Il conna\u00eet les caract\u00e9ristiques de la client\u00e8le et sait vendre des services ou produits li\u00e9s \u00e0 l&rsquo;accueil et participe \u00e0 la fid\u00e9lisation de la client\u00e8le.<\/p>\n<p>Cette formation remplace le bac pro Accueil &#8211; relation clients et usagers.<\/p>\n<\/div>\n<\/div>\n<\/div>\n<div class=\"ideo-block\">\n<h2 class=\"ideo-title-block\">Les admissions<\/h2>\n<div class=\"ezxmltext-field\">\n<p>Ce bac pro se pr\u00e9pare en trois ans apr\u00e8s la classe de troisi\u00e8me. Depuis la rentr\u00e9e 2019, son acc\u00e8s est modifi\u00e9. Les \u00e9l\u00e8ves entrent d\u00e9sormais en 2de professionnelle m\u00e9tiers de la relation client en vue de pr\u00e9parer cette sp\u00e9cialit\u00e9 du bac pro. L&rsquo;acc\u00e8s est diff\u00e9rent pour les \u00e9l\u00e8ves en apprentissage qui entrent directement dans cette sp\u00e9cialit\u00e9 de bac pro sans passer par une 2de pro famille de m\u00e9tiers.<\/p>\n<p>Les \u00e9l\u00e8ves titulaires de certains CAP du m\u00eame secteur peuvent \u00e9galement pr\u00e9parer le bac pro en 2 ans sous certaines conditions.<\/p>\n<\/div>\n<div class=\"ideo-label formation\">\u00a0Exemple de formation requise<\/div>\n<ul class=\"formation\">\n<li><a href=\"https:\/\/www.onisep.fr\/Ressources\/Univers-Formation\/Formations\/Lycees\/2nde-pro-metiers-de-la-relation-client\">2nde pro m\u00e9tiers de la relation client<\/a><\/li>\n<\/ul>\n<h2 class=\"ideo-title-block\">Les poursuites d&rsquo;\u00e9tudes<\/h2>\n<div class=\"ezxmltext-field\">\n<p>Le bac pro a pour premier objectif l&rsquo;insertion professionnelle mais, avec un tr\u00e8s bon dossier ou une mention tr\u00e8s bien \u00e0 l&rsquo;examen, une poursuite d&rsquo;\u00e9tudes est envisageable en BTS, le plus souvent en alternance. Avec un bon niveau en langues, possibilit\u00e9 de poursuite d&rsquo;\u00e9tudes en MC.<\/p>\n<\/div>\n<div class=\"ideo-label formation\">\u00a0Exemples de formations possibles<\/div>\n<ul class=\"formation\">\n<li><a href=\"https:\/\/www.onisep.fr\/Ressources\/Univers-Formation\/Formations\/Post-bac\/mc-accueil-reception\">MC Accueil r\u00e9ception<\/a><\/li>\n<li><a href=\"https:\/\/www.onisep.fr\/Ressources\/Univers-Formation\/Formations\/Post-bac\/mc-accueil-dans-les-transports\">MC Accueil dans les transports<\/a><\/li>\n<li><a href=\"https:\/\/www.onisep.fr\/Ressources\/Univers-Formation\/Formations\/Post-bac\/bts-gestion-de-la-pme\">BTS Gestion de la PME<\/a><\/li>\n<li><a href=\"https:\/\/www.onisep.fr\/Ressources\/Univers-Formation\/Formations\/Post-bac\/bts-negociation-et-digitalisation-de-la-relation-client\">BTS N\u00e9gociation et digitalisation de la relation client<\/a><\/li>\n<li><a href=\"https:\/\/www.onisep.fr\/Ressources\/Univers-Formation\/Formations\/Post-bac\/bts-management-commercial-operationnel\">BTS Management commercial op\u00e9rationnel<\/a><\/li>\n<li><a href=\"https:\/\/www.onisep.fr\/Ressources\/Univers-Formation\/Formations\/Post-bac\/bts-support-a-l-action-manageriale\">BTS Support \u00e0 l&rsquo;action manag\u00e9riale<\/a><\/li>\n<li><a href=\"https:\/\/www.onisep.fr\/Ressources\/Univers-Formation\/Formations\/Post-bac\/bts-tourisme\">BTS Tourisme<\/a><\/li>\n<\/ul>\n<h2 class=\"ideo-title-block\">Exemples de m\u00e9tiers<\/h2>\n<div class=\"ideo-guides-slide slick-initialized slick-slider\">\n<div class=\"slick-list draggable\">\n<div class=\"slick-track\">\n<div class=\"ideo-guide x-min slick-slide slick-current slick-active\">\n<div class=\"ideo-guide-cover ideo-related-jobs-item\"><a href=\"https:\/\/www.onisep.fr\/Ressources\/Univers-Metier\/Metiers\/hote-hotesse-d-accueil\"><span class=\"ideo-related-job-name hover_visuel \"><span class=\"ezstring-field\">H\u00d4TE D&rsquo;ACCUEIL<\/span><\/span><\/a><\/div>\n<\/div>\n<div class=\"ideo-guide x-min slick-slide slick-active\">\n<div class=\"ideo-guide-cover ideo-related-jobs-item\"><a href=\"https:\/\/www.onisep.fr\/Ressources\/Univers-Metier\/Metiers\/receptionniste\"><span class=\"ideo-related-job-name hover_visuel \"><span class=\"ezstring-field\">R\u00c9CEPTIONNISTE<\/span><\/span><\/a><\/div>\n<\/div>\n<\/div>\n<\/div>\n<\/div>\n<\/div>\n","protected":false},"excerpt":{"rendered":"<p>\u00c0 savoir Ce bac pro forme des charg\u00e9s de l&rsquo;accueil exer\u00e7ant dans toutes organisations susceptibles de recevoir des visiteurs, des clients, des usagers et du trafic t\u00e9l\u00e9phonique. Le titulaire de ce dipl\u00f4me exerce des fonctions de charg\u00e9 d&rsquo;accueil, de standardiste, de t\u00e9l\u00e9conseiller. Il peut \u00e9galement occuper des postes d&rsquo;agent multiservices d&rsquo;accueil dans les h\u00f4pitaux ou &hellip; <\/p>\n<p><a class=\"more-link btn\" href=\"https:\/\/lyc-rimbaud-garges.ac-versailles.fr\/?page_id=178\">Lire la suite<\/a><\/p>\n","protected":false},"author":1002,"featured_media":0,"parent":0,"menu_order":0,"comment_status":"closed","ping_status":"closed","template":"","meta":{"footnotes":""},"class_list":["post-178","page","type-page","status-publish","hentry","nodate","item-wrap"],"_links":{"self":[{"href":"https:\/\/lyc-rimbaud-garges.ac-versailles.fr\/index.php?rest_route=\/wp\/v2\/pages\/178","targetHints":{"allow":["GET"]}}],"collection":[{"href":"https:\/\/lyc-rimbaud-garges.ac-versailles.fr\/index.php?rest_route=\/wp\/v2\/pages"}],"about":[{"href":"https:\/\/lyc-rimbaud-garges.ac-versailles.fr\/index.php?rest_route=\/wp\/v2\/types\/page"}],"author":[{"embeddable":true,"href":"https:\/\/lyc-rimbaud-garges.ac-versailles.fr\/index.php?rest_route=\/wp\/v2\/users\/1002"}],"replies":[{"embeddable":true,"href":"https:\/\/lyc-rimbaud-garges.ac-versailles.fr\/index.php?rest_route=%2Fwp%2Fv2%2Fcomments&post=178"}],"version-history":[{"count":2,"href":"https:\/\/lyc-rimbaud-garges.ac-versailles.fr\/index.php?rest_route=\/wp\/v2\/pages\/178\/revisions"}],"predecessor-version":[{"id":1110,"href":"https:\/\/lyc-rimbaud-garges.ac-versailles.fr\/index.php?rest_route=\/wp\/v2\/pages\/178\/revisions\/1110"}],"wp:attachment":[{"href":"https:\/\/lyc-rimbaud-garges.ac-versailles.fr\/index.php?rest_route=%2Fwp%2Fv2%2Fmedia&parent=178"}],"curies":[{"name":"wp","href":"https:\/\/api.w.org\/{rel}","templated":true}]}}