{"id":169,"date":"2017-06-27T12:19:52","date_gmt":"2017-06-27T10:19:52","guid":{"rendered":"http:\/\/www.lyc-rimbaud-garges.ac-versailles.fr\/?page_id=169"},"modified":"2017-06-27T12:19:52","modified_gmt":"2017-06-27T10:19:52","slug":"cap-operateuroperatrice-logistique","status":"publish","type":"page","link":"https:\/\/lyc-rimbaud-garges.ac-versailles.fr\/?page_id=169","title":{"rendered":"CAP Op\u00e9rateur\/op\u00e9ratrice logistique"},"content":{"rendered":"<p>Le titulaire de ce dipl\u00f4me ex\u00e9cute, en fonction des directives qu&rsquo;il re\u00e7oit, les op\u00e9rations de r\u00e9ception, de stockage, de pr\u00e9paration des commandes et d&rsquo;exp\u00e9dition.<\/p>\n<p>Il assure le d\u00e9chargement et la r\u00e9ception des marchandises (contr\u00f4le des documents de transport, v\u00e9rification de la qualit\u00e9 des produits). Lors de l&rsquo;entreposage, il est capable d&rsquo;identifier, trier, \u00e9tiqueter et orienter les produits re\u00e7us vers le lieu de stockage, les zones de litige ou d&rsquo;exp\u00e9dition. Par ailleurs, il doit pr\u00e9parer les commandes et exp\u00e9dier les produits. Dans ce cadre, il prend en charge le reconditionnement et l&rsquo;\u00e9tiquetage des colis ; il utilise l&rsquo;informatique pour enregistrer les entr\u00e9es et les sorties, d\u00e9clencher les r\u00e9approvisionnements et faire des inventaires.<\/p>\n<p>Ses activit\u00e9s impliquent de la rigueur, de la concentration pour maintenir la qualit\u00e9 des prestations dans des conditions optimales de s\u00e9curit\u00e9. Elles impliquent aussi l&rsquo;utilisation de chariots \u00e9l\u00e9vateurs, d&rsquo;outils informatiques et de communication.<\/p>\n<p>Il exerce ses activit\u00e9s dans des entreprises de production, plates-formes de distribution, grande distribution, entrep\u00f4ts<\/p>\n<p>Ce technicien peut occuper un poste d&rsquo;agent de r\u00e9ception, pr\u00e9parateur de commandes, conditionneur-emballeur, magasinier cariste, agent de messagerie<\/p>\n<p><strong>Exemple(s) de m\u00e9tier(s):<\/strong><\/p>\n<ul>\n<li><a href=\"http:\/\/www.onisep.fr\/Ressources\/Univers-Metier\/Metiers\/magasinier-magasiniere-cariste\">magasinier\/\u00e8re cariste<\/a><\/li>\n<\/ul>\n<p>Il existe des possibilit\u00e9s de poursuite d&rsquo;\u00e9tude en bac professionnel.<\/p>\n<p><span class=\"spanh3\">Poursuite d&rsquo;\u00e9tudes conditionnelle<\/span><\/p>\n<p><span class=\"spanh4\">Exemples de formations poursuivies :<\/span><\/p>\n<ul>\n<li><a href=\"http:\/\/www.onisep.fr\/Ressources\/Univers-Formation\/Formations\/Lycees\/Bac-pro-Logistique\">Bac pro Logistique<\/a><\/li>\n<li><a href=\"http:\/\/www.onisep.fr\/Ressources\/Univers-Formation\/Formations\/Lycees\/Bac-pro-Transport\">Bac pro Transport<\/a><\/li>\n<\/ul>\n","protected":false},"excerpt":{"rendered":"<p>Le titulaire de ce dipl\u00f4me ex\u00e9cute, en fonction des directives qu&rsquo;il re\u00e7oit, les op\u00e9rations de r\u00e9ception, de stockage, de pr\u00e9paration des commandes et d&rsquo;exp\u00e9dition. Il assure le d\u00e9chargement et la r\u00e9ception des marchandises (contr\u00f4le des documents de transport, v\u00e9rification de la qualit\u00e9 des produits). Lors de l&rsquo;entreposage, il est capable d&rsquo;identifier, trier, \u00e9tiqueter et orienter &hellip; <\/p>\n<p><a class=\"more-link btn\" href=\"https:\/\/lyc-rimbaud-garges.ac-versailles.fr\/?page_id=169\">Lire la suite<\/a><\/p>\n","protected":false},"author":1002,"featured_media":0,"parent":0,"menu_order":0,"comment_status":"closed","ping_status":"closed","template":"","meta":{"footnotes":""},"class_list":["post-169","page","type-page","status-publish","hentry","nodate","item-wrap"],"_links":{"self":[{"href":"https:\/\/lyc-rimbaud-garges.ac-versailles.fr\/index.php?rest_route=\/wp\/v2\/pages\/169","targetHints":{"allow":["GET"]}}],"collection":[{"href":"https:\/\/lyc-rimbaud-garges.ac-versailles.fr\/index.php?rest_route=\/wp\/v2\/pages"}],"about":[{"href":"https:\/\/lyc-rimbaud-garges.ac-versailles.fr\/index.php?rest_route=\/wp\/v2\/types\/page"}],"author":[{"embeddable":true,"href":"https:\/\/lyc-rimbaud-garges.ac-versailles.fr\/index.php?rest_route=\/wp\/v2\/users\/1002"}],"replies":[{"embeddable":true,"href":"https:\/\/lyc-rimbaud-garges.ac-versailles.fr\/index.php?rest_route=%2Fwp%2Fv2%2Fcomments&post=169"}],"version-history":[{"count":1,"href":"https:\/\/lyc-rimbaud-garges.ac-versailles.fr\/index.php?rest_route=\/wp\/v2\/pages\/169\/revisions"}],"predecessor-version":[{"id":171,"href":"https:\/\/lyc-rimbaud-garges.ac-versailles.fr\/index.php?rest_route=\/wp\/v2\/pages\/169\/revisions\/171"}],"wp:attachment":[{"href":"https:\/\/lyc-rimbaud-garges.ac-versailles.fr\/index.php?rest_route=%2Fwp%2Fv2%2Fmedia&parent=169"}],"curies":[{"name":"wp","href":"https:\/\/api.w.org\/{rel}","templated":true}]}}