{"id":163,"date":"2017-06-27T12:18:22","date_gmt":"2017-06-27T10:18:22","guid":{"rendered":"http:\/\/www.lyc-rimbaud-garges.ac-versailles.fr\/?page_id=163"},"modified":"2021-05-12T12:25:12","modified_gmt":"2021-05-12T10:25:12","slug":"cap-employe-de-commerce-multi-specialites","status":"publish","type":"page","link":"https:\/\/lyc-rimbaud-garges.ac-versailles.fr\/?page_id=163","title":{"rendered":"CAP \u00c9quipier Polyvalent de Commerce"},"content":{"rendered":"<p>Le titulaire de ce CAP travaille soit dans les commerces de d\u00e9tail, soit dans les rayons sp\u00e9cialis\u00e9s des grandes surfaces.<\/p>\n<p>Plac\u00e9 sous la responsabilit\u00e9 d&rsquo;un chef de rayon ou d&rsquo;un responsable de point de vente, il participe \u00e0 la r\u00e9ception et au stockage des marchandises en r\u00e9serve. En magasin, il approvisionne les rayons et veille \u00e0 leur attractivit\u00e9, il accueille le client, identifie ses besoins et met en avant les qualit\u00e9s des produits. Enfin, selon les structures, il participe \u00e0 l&rsquo;encaissement.<\/p>\n<p><strong>Exemple(s) de m\u00e9tier(s):<\/strong><\/p>\n<ul>\n<li><a href=\"http:\/\/www.onisep.fr\/Ressources\/Univers-Metier\/Metiers\/commercant-commercante-en-alimentation\">commer\u00e7ant\/e en alimentation<\/a><\/li>\n<li><a href=\"http:\/\/www.onisep.fr\/Ressources\/Univers-Metier\/Metiers\/vendeur-vendeuse-en-magasin\">vendeur\/euse en magasin<\/a><\/li>\n<\/ul>\n<p>Ce dipl\u00f4me a pour vocation l&rsquo;insertion professionnelle. Cependant il est possible de pr\u00e9parer une formation compl\u00e9mentaire, de type MC, dans le domaine du commerce.<\/p>\n<p>Avec un tr\u00e8s bon dossier, il est \u00e9galement possible de poursuivre en bac pro.<\/p>\n<p><span class=\"spanh3\">Poursuite d&rsquo;\u00e9tudes conditionnelle<\/span><\/p>\n<p><span class=\"spanh4\">Exemples de formations poursuivies :<\/span><\/p>\n<ul>\n<li><a href=\"https:\/\/lyc-rimbaud-garges.ac-versailles.fr\/?page_id=178\">Bac pro M\u00e9tiers de l&rsquo; Accueil<\/a><\/li>\n<li><a href=\"https:\/\/lyc-rimbaud-garges.ac-versailles.fr\/?page_id=181\">Bac pro M\u00e9tiers du commerce et de la vente, option A<\/a><\/li>\n<li><a href=\"https:\/\/lyc-rimbaud-garges.ac-versailles.fr\/?page_id=1111\">Bac pro M\u00e9tiers du Commerce et de la Vente Option B\u00a0<\/a><\/li>\n<\/ul>\n","protected":false},"excerpt":{"rendered":"<p>Le titulaire de ce CAP travaille soit dans les commerces de d\u00e9tail, soit dans les rayons sp\u00e9cialis\u00e9s des grandes surfaces. Plac\u00e9 sous la responsabilit\u00e9 d&rsquo;un chef de rayon ou d&rsquo;un responsable de point de vente, il participe \u00e0 la r\u00e9ception et au stockage des marchandises en r\u00e9serve. En magasin, il approvisionne les rayons et veille &hellip; <\/p>\n<p><a class=\"more-link btn\" href=\"https:\/\/lyc-rimbaud-garges.ac-versailles.fr\/?page_id=163\">Lire la suite<\/a><\/p>\n","protected":false},"author":1002,"featured_media":0,"parent":0,"menu_order":0,"comment_status":"closed","ping_status":"closed","template":"","meta":{"footnotes":""},"class_list":["post-163","page","type-page","status-publish","hentry","nodate","item-wrap"],"_links":{"self":[{"href":"https:\/\/lyc-rimbaud-garges.ac-versailles.fr\/index.php?rest_route=\/wp\/v2\/pages\/163","targetHints":{"allow":["GET"]}}],"collection":[{"href":"https:\/\/lyc-rimbaud-garges.ac-versailles.fr\/index.php?rest_route=\/wp\/v2\/pages"}],"about":[{"href":"https:\/\/lyc-rimbaud-garges.ac-versailles.fr\/index.php?rest_route=\/wp\/v2\/types\/page"}],"author":[{"embeddable":true,"href":"https:\/\/lyc-rimbaud-garges.ac-versailles.fr\/index.php?rest_route=\/wp\/v2\/users\/1002"}],"replies":[{"embeddable":true,"href":"https:\/\/lyc-rimbaud-garges.ac-versailles.fr\/index.php?rest_route=%2Fwp%2Fv2%2Fcomments&post=163"}],"version-history":[{"count":4,"href":"https:\/\/lyc-rimbaud-garges.ac-versailles.fr\/index.php?rest_route=\/wp\/v2\/pages\/163\/revisions"}],"predecessor-version":[{"id":1136,"href":"https:\/\/lyc-rimbaud-garges.ac-versailles.fr\/index.php?rest_route=\/wp\/v2\/pages\/163\/revisions\/1136"}],"wp:attachment":[{"href":"https:\/\/lyc-rimbaud-garges.ac-versailles.fr\/index.php?rest_route=%2Fwp%2Fv2%2Fmedia&parent=163"}],"curies":[{"name":"wp","href":"https:\/\/api.w.org\/{rel}","templated":true}]}}